{"id":14,"date":"2025-07-19T21:25:05","date_gmt":"2025-07-19T21:25:05","guid":{"rendered":"https:\/\/notengodominio.com.mx\/?page_id=14"},"modified":"2025-08-11T18:23:19","modified_gmt":"2025-08-11T18:23:19","slug":"inicio","status":"publish","type":"page","link":"https:\/\/notengodominio.com.mx\/","title":{"rendered":"Inicio"},"content":{"rendered":"<p>[et_pb_section fb_built=\u00bb1&#8243; module_id=\u00bbdesventajas\u00bb _builder_version=\u00bb4.27.4&#8243; _module_preset=\u00bbdefault\u00bb background_image=\u00bbhttps:\/\/notengodominio.com.mx\/wp-content\/uploads\/2025\/07\/DESVENTAJAS_S.png\u00bb background_size=\u00bbcontain\u00bb background_position=\u00bbcenter_left\u00bb height=\u00bb582px\u00bb animation_style=\u00bbslide\u00bb animation_direction=\u00bbright\u00bb background_last_edited=\u00bbon|tablet\u00bb background_enable_image_tablet=\u00bboff\u00bb background_enable_image_phone=\u00bboff\u00bb custom_css_main_element=\u00bbalign-items: center;\u00bb global_colors_info=\u00bb{}\u00bb][et_pb_row column_structure=\u00bb1_2,1_2&#8243; use_custom_gutter=\u00bbon\u00bb gutter_width=\u00bb2&#8243; make_equal=\u00bbon\u00bb _builder_version=\u00bb4.27.4&#8243; _module_preset=\u00bbdefault\u00bb background_enable_image=\u00bboff\u00bb background_size=\u00bbinitial\u00bb max_width=\u00bb2407px\u00bb global_colors_info=\u00bb{}\u00bb][et_pb_column type=\u00bb1_2&#8243; _builder_version=\u00bb4.27.4&#8243; _module_preset=\u00bbdefault\u00bb global_colors_info=\u00bb{}\u00bb][\/et_pb_column][et_pb_column type=\u00bb1_2&#8243; _builder_version=\u00bb4.27.4&#8243; _module_preset=\u00bbdefault\u00bb background_enable_pattern_style=\u00bbon\u00bb background_pattern_color=\u00bb#9bc9dd\u00bb background_pattern_size=\u00bbcustom\u00bb background_enable_mask_style=\u00bbon\u00bb background_mask_style=\u00bbbean\u00bb animation_style=\u00bbslide\u00bb animation_direction=\u00bbtop\u00bb animation_delay=\u00bb1000ms\u00bb global_colors_info=\u00bb{}\u00bb][et_pb_heading title=\u00bbDesventajas de no contar con un dominio propio en Internet\u00bb _builder_version=\u00bb4.27.4&#8243; _module_preset=\u00bbdefault\u00bb title_font=\u00bb||||||||\u00bb text_shadow_style=\u00bbpreset3&#8243; global_colors_info=\u00bb{}\u00bb][\/et_pb_heading][et_pb_text _builder_version=\u00bb4.27.4&#8243; _module_preset=\u00bbdefault\u00bb text_font=\u00bb||||||||\u00bb global_colors_info=\u00bb{}\u00bb]<\/p>\n<p>Tener presencia en l\u00ednea sin un dominio propio es como tener un negocio sin direcci\u00f3n.<\/p>\n<p>Estas son algunas de las principales desventajas:<\/p>\n<p>&nbsp;<\/p>\n<ul>\n<li><strong>Falta de credibilidad<\/strong>: Un dominio personalizado transmite profesionalismo.<\/li>\n<li><strong>Dif\u00edcil de recordar<\/strong>: Los subdominios gratuitos son largos y poco memorables.<\/li>\n<li><strong>Poca identidad de marca<\/strong>: Promueves la marca del proveedor, no la tuya.<\/li>\n<li><strong>Menor control<\/strong>: No puedes configurar correos ni redireccionamientos.<\/li>\n<li><strong>Impacto negativo en SEO<\/strong>: Los dominios propios posicionan mejor en buscadores.<\/li>\n<li><strong>Riesgo de p\u00e9rdida de contenido<\/strong>: Dependes de plataformas externas.<\/li>\n<\/ul>\n<p>[\/et_pb_text][\/et_pb_column][\/et_pb_row][\/et_pb_section][et_pb_section fb_built=\u00bb1&#8243; module_id=\u00bbventajas\u00bb _builder_version=\u00bb4.27.4&#8243; _module_preset=\u00bbdefault\u00bb background_image=\u00bbhttps:\/\/notengodominio.com.mx\/wp-content\/uploads\/2025\/07\/VENTAJAS_S.png\u00bb background_size=\u00bbcontain\u00bb background_position=\u00bbcenter_right\u00bb height=\u00bb582px\u00bb animation_style=\u00bbslide\u00bb animation_direction=\u00bbleft\u00bb background_last_edited=\u00bbon|tablet\u00bb background_enable_image_tablet=\u00bboff\u00bb background_enable_image_phone=\u00bboff\u00bb global_colors_info=\u00bb{}\u00bb][et_pb_row column_structure=\u00bb1_2,1_2&#8243; use_custom_gutter=\u00bbon\u00bb gutter_width=\u00bb2&#8243; make_equal=\u00bbon\u00bb _builder_version=\u00bb4.27.4&#8243; _module_preset=\u00bbdefault\u00bb background_enable_image=\u00bboff\u00bb background_size=\u00bbinitial\u00bb max_width=\u00bb2407px\u00bb global_colors_info=\u00bb{}\u00bb][et_pb_column type=\u00bb1_2&#8243; _builder_version=\u00bb4.27.4&#8243; _module_preset=\u00bbdefault\u00bb background_enable_pattern_style=\u00bbon\u00bb background_pattern_style=\u00bbconfetti\u00bb background_pattern_color=\u00bb#ffd987&#8243; background_pattern_size=\u00bbcustom\u00bb background_enable_mask_style=\u00bbon\u00bb background_mask_style=\u00bbbean\u00bb background_mask_transform=\u00bbflip_horizontal\u00bb animation_style=\u00bbslide\u00bb animation_direction=\u00bbright\u00bb animation_delay=\u00bb1000ms\u00bb global_colors_info=\u00bb{}\u00bb][et_pb_heading title=\u00bbVentajas de contar con una identidad digital\u00bb _builder_version=\u00bb4.27.4&#8243; _module_preset=\u00bbdefault\u00bb title_font=\u00bb||||||||\u00bb text_shadow_style=\u00bbpreset3&#8243; global_colors_info=\u00bb{}\u00bb][\/et_pb_heading][et_pb_text _builder_version=\u00bb4.27.4&#8243; _module_preset=\u00bbdefault\u00bb text_font=\u00bb||||||||\u00bb global_colors_info=\u00bb{}\u00bb]<\/p>\n<p>Un dominio propio es m\u00e1s que una direcci\u00f3n web: es tu carta de presentaci\u00f3n digital.<\/p>\n<p>&nbsp;<\/p>\n<ul>\n<li><strong>Proyecci\u00f3n profesional<\/strong>: Inspira confianza en clientes y socios.<\/li>\n<li><strong>Mejor posicionamiento<\/strong>: Mejora tu visibilidad en buscadores.<\/li>\n<li><strong>Correo profesional<\/strong>: Usa direcciones como `tunombre@tudominio.com`.<\/li>\n<li><strong>Control total<\/strong>: Administra tu sitio, correos y servicios desde un solo lugar.<\/li>\n<li><strong>Fortalece tu marca<\/strong>: Tu dominio es parte de tu identidad.<\/li>\n<\/ul>\n<p>[\/et_pb_text][\/et_pb_column][et_pb_column type=\u00bb1_2&#8243; _builder_version=\u00bb4.27.4&#8243; _module_preset=\u00bbdefault\u00bb global_colors_info=\u00bb{}\u00bb][\/et_pb_column][\/et_pb_row][\/et_pb_section][et_pb_section fb_built=\u00bb1&#8243; module_id=\u00bbbusca-tu-dominio\u00bb _builder_version=\u00bb4.27.4&#8243; _module_preset=\u00bbdefault\u00bb background_image=\u00bbhttps:\/\/notengodominio.com.mx\/wp-content\/uploads\/2025\/07\/BUSCATUDOMINIO_S.png\u00bb background_size=\u00bbcontain\u00bb background_position=\u00bbcenter_left\u00bb height=\u00bb582px\u00bb animation_style=\u00bbslide\u00bb animation_direction=\u00bbright\u00bb background_last_edited=\u00bbon|tablet\u00bb background_enable_image_tablet=\u00bboff\u00bb background_enable_image_phone=\u00bboff\u00bb global_colors_info=\u00bb{}\u00bb][et_pb_row column_structure=\u00bb1_2,1_2&#8243; use_custom_gutter=\u00bbon\u00bb gutter_width=\u00bb2&#8243; make_equal=\u00bbon\u00bb _builder_version=\u00bb4.27.4&#8243; _module_preset=\u00bbdefault\u00bb background_enable_image=\u00bboff\u00bb background_size=\u00bbinitial\u00bb max_width=\u00bb2407px\u00bb global_colors_info=\u00bb{}\u00bb][et_pb_column type=\u00bb1_2&#8243; _builder_version=\u00bb4.27.4&#8243; _module_preset=\u00bbdefault\u00bb global_colors_info=\u00bb{}\u00bb][\/et_pb_column][et_pb_column type=\u00bb1_2&#8243; _builder_version=\u00bb4.27.4&#8243; _module_preset=\u00bbdefault\u00bb background_enable_pattern_style=\u00bbon\u00bb background_pattern_style=\u00bbsmiles\u00bb background_pattern_color=\u00bb#bedb8a\u00bb background_pattern_size=\u00bbcustom\u00bb background_enable_mask_style=\u00bbon\u00bb background_mask_style=\u00bbbean\u00bb animation_style=\u00bbslide\u00bb animation_direction=\u00bbleft\u00bb animation_delay=\u00bb1000ms\u00bb global_colors_info=\u00bb{}\u00bb][et_pb_heading title=\u00bb\u00bfC\u00f3mo buscar y elegir tu dominio ideal?\u00bb _builder_version=\u00bb4.27.4&#8243; _module_preset=\u00bbdefault\u00bb title_font=\u00bb||||||||\u00bb text_shadow_style=\u00bbpreset3&#8243; global_colors_info=\u00bb{}\u00bb][\/et_pb_heading][et_pb_text _builder_version=\u00bb4.27.4&#8243; _module_preset=\u00bbdefault\u00bb text_font=\u00bb||||||||\u00bb global_colors_info=\u00bb{}\u00bb]<\/p>\n<p>Define tu prop\u00f3sito: \u00bfEs para tu marca personal, empresa o proyecto?<\/p>\n<p>&nbsp;<\/p>\n<ol>\n<li><strong>Haz una lista de nombres clave<\/strong>: Usa palabras relacionadas con tu actividad.<\/li>\n<li><strong>Verifica disponibilidad<\/strong>: Usa buscadores de dominios como los que ofrece [tienlanube.mx](https:\/\/tienlanube.mx\/).<\/li>\n<li><strong>Prefiere extensiones conocidas<\/strong>: `.com`, `.mx`, `.net` son m\u00e1s confiables.<\/li>\n<li><strong>Evita guiones y n\u00fameros<\/strong>: Hazlo f\u00e1cil de escribir y recordar.<\/li>\n<li><strong>Act\u00faa r\u00e1pido<\/strong>: Los buenos dominios se registran r\u00e1pido.<\/li>\n<\/ol>\n<p>[\/et_pb_text][\/et_pb_column][\/et_pb_row][\/et_pb_section][et_pb_section fb_built=\u00bb1&#8243; module_id=\u00bbcontacta-tienlanube\u00bb _builder_version=\u00bb4.27.4&#8243; _module_preset=\u00bbdefault\u00bb background_image=\u00bbhttps:\/\/notengodominio.com.mx\/wp-content\/uploads\/2025\/07\/CONTACTOTIN_S.png\u00bb background_size=\u00bbcontain\u00bb background_position=\u00bbcenter_right\u00bb height=\u00bb582px\u00bb animation_style=\u00bbslide\u00bb animation_direction=\u00bbtop\u00bb background_last_edited=\u00bbon|tablet\u00bb background_enable_image_tablet=\u00bboff\u00bb background_enable_image_phone=\u00bboff\u00bb global_colors_info=\u00bb{}\u00bb][et_pb_row column_structure=\u00bb3_5,2_5&#8243; use_custom_gutter=\u00bbon\u00bb gutter_width=\u00bb2&#8243; make_equal=\u00bbon\u00bb _builder_version=\u00bb4.27.4&#8243; _module_preset=\u00bbdefault\u00bb background_enable_image=\u00bboff\u00bb background_size=\u00bbinitial\u00bb max_width=\u00bb2407px\u00bb global_colors_info=\u00bb{}\u00bb][et_pb_column type=\u00bb3_5&#8243; _builder_version=\u00bb4.27.4&#8243; _module_preset=\u00bbdefault\u00bb background_enable_pattern_style=\u00bbon\u00bb background_pattern_style=\u00bbdiagonal-stripes\u00bb background_pattern_color=\u00bb#e0d3c9&#8243; background_pattern_size=\u00bbcustom\u00bb background_enable_mask_style=\u00bbon\u00bb background_mask_style=\u00bbbean\u00bb animation_style=\u00bbslide\u00bb animation_direction=\u00bbright\u00bb global_colors_info=\u00bb{}\u00bb][et_pb_heading title=\u00bbContacta a los expertos\u00bb _builder_version=\u00bb4.27.4&#8243; _module_preset=\u00bbdefault\u00bb title_font=\u00bb||||||||\u00bb title_text_align=\u00bbleft\u00bb text_shadow_style=\u00bbpreset3&#8243; global_colors_info=\u00bb{}\u00bb][\/et_pb_heading][et_pb_text _builder_version=\u00bb4.27.4&#8243; _module_preset=\u00bbdefault\u00bb text_font=\u00bb||||||||\u00bb custom_margin=\u00bb0px||0px||true|false\u00bb custom_padding=\u00bb0px||0px||true|false\u00bb global_colors_info=\u00bb{}\u00bb]<\/p>\n<p>Tecnolog\u00edas de Informaci\u00f3n en la Nube S.A. de C.V. es una empresa mexicana especializada en:<\/p>\n<ul>\n<li>Registro de dominios<\/li>\n<li>Hospedaje de p\u00e1ginas web<\/li>\n<li>Servicios de correo electr\u00f3nico para PYMES y empresas<\/li>\n<\/ul>\n<p>Puedes comunicarte con ellos para:<\/p>\n<ul>\n<li>Registrar tu dominio personalizado<\/li>\n<li>Contratar hospedaje web y de correo electr\u00f3nico.<\/li>\n<\/ul>\n<p>[\/et_pb_text][et_pb_image src=\u00bbhttps:\/\/notengodominio.com.mx\/wp-content\/uploads\/2025\/07\/contigo005.png\u00bb title_text=\u00bbcontigo005&#8243; url=\u00bbhttps:\/\/tienlanube.mx\/\u00bb url_new_window=\u00bbon\u00bb align=\u00bbcenter\u00bb _builder_version=\u00bb4.27.4&#8243; _module_preset=\u00bbdefault\u00bb max_width=\u00bb40%\u00bb custom_margin=\u00bb0px||0px||true|false\u00bb custom_padding=\u00bb0px||0px||true|false\u00bb global_colors_info=\u00bb{}\u00bb][\/et_pb_image][\/et_pb_column][et_pb_column type=\u00bb2_5&#8243; _builder_version=\u00bb4.27.4&#8243; _module_preset=\u00bbdefault\u00bb global_colors_info=\u00bb{}\u00bb][\/et_pb_column][\/et_pb_row][\/et_pb_section][et_pb_section fb_built=\u00bb1&#8243; module_id=\u00bbcomparte-identidad\u00bb _builder_version=\u00bb4.27.4&#8243; _module_preset=\u00bbdefault\u00bb background_image=\u00bbhttps:\/\/notengodominio.com.mx\/wp-content\/uploads\/2025\/07\/COMPARTE.png\u00bb background_size=\u00bbcontain\u00bb background_position=\u00bbcenter_left\u00bb height=\u00bb582px\u00bb custom_padding=\u00bb0px||||false|false\u00bb animation_style=\u00bbslide\u00bb animation_direction=\u00bbbottom\u00bb background_last_edited=\u00bbon|tablet\u00bb background_enable_image_tablet=\u00bboff\u00bb background_enable_image_phone=\u00bboff\u00bb global_colors_info=\u00bb{}\u00bb][et_pb_row column_structure=\u00bb1_2,1_2&#8243; use_custom_gutter=\u00bbon\u00bb gutter_width=\u00bb2&#8243; make_equal=\u00bbon\u00bb _builder_version=\u00bb4.27.4&#8243; _module_preset=\u00bbdefault\u00bb background_enable_image=\u00bboff\u00bb background_size=\u00bbinitial\u00bb max_width=\u00bb2407px\u00bb global_colors_info=\u00bb{}\u00bb][et_pb_column type=\u00bb1_2&#8243; _builder_version=\u00bb4.27.4&#8243; _module_preset=\u00bbdefault\u00bb global_colors_info=\u00bb{}\u00bb][\/et_pb_column][et_pb_column type=\u00bb1_2&#8243; _builder_version=\u00bb4.27.4&#8243; _module_preset=\u00bbdefault\u00bb background_enable_pattern_style=\u00bbon\u00bb background_pattern_style=\u00bbwaves\u00bb background_pattern_color=\u00bb#c6d8b6&#8243; background_pattern_transform=\u00bbflip_horizontal|rotate_90_degree\u00bb background_pattern_size=\u00bbcustom\u00bb background_enable_mask_style=\u00bbon\u00bb background_mask_style=\u00bbarch\u00bb animation_style=\u00bbslide\u00bb animation_direction=\u00bbtop\u00bb animation_delay=\u00bb1000ms\u00bb global_colors_info=\u00bb{}\u00bb][et_pb_heading title=\u00bbComparte tu nueva identidad digital\u00bb _builder_version=\u00bb4.27.4&#8243; _module_preset=\u00bbdefault\u00bb title_font=\u00bb||||||||\u00bb text_shadow_style=\u00bbpreset3&#8243; global_colors_info=\u00bb{}\u00bb][\/et_pb_heading][et_pb_accordion icon_color=\u00bb#0C71C3&#8243; _builder_version=\u00bb4.27.4&#8243; _module_preset=\u00bbdefault\u00bb background_enable_color=\u00bboff\u00bb text_shadow_style=\u00bbpreset3&#8243; global_colors_info=\u00bb{}\u00bb][et_pb_accordion_item open=\u00bbon\u00bb _builder_version=\u00bb4.27.4&#8243; _module_preset=\u00bbdefault\u00bb custom_css_free_form=\u00bbselector {||  display: none;||}\u00bb global_colors_info=\u00bb{}\u00bb][\/et_pb_accordion_item][et_pb_accordion_item title=\u00bbCrear un sitio web profesional\u00bb open_toggle_text_color=\u00bb#0C71C3&#8243; _builder_version=\u00bb4.27.4&#8243; _module_preset=\u00bbdefault\u00bb body_text_color=\u00bbgcid-9bde02c8-268a-439d-b85f-96d6e7b93971&#8243; background_color=\u00bbRGBA(255,255,255,0)\u00bb background_enable_color=\u00bbon\u00bb custom_margin=\u00bb0px||0px||true|false\u00bb custom_padding=\u00bb2px||2px||true|false\u00bb body_text_shadow_style=\u00bbpreset3&#8243; global_colors_info=\u00bb{%22gcid-9bde02c8-268a-439d-b85f-96d6e7b93971%22:%91%22body_text_color%22%93}\u00bb toggle_text_color=\u00bb#000000&#8243; open=\u00bboff\u00bb]<\/p>\n<ul>\n<li>Dise\u00f1o responsivo: Aseg\u00farate de que se vea bien en computadoras, tabletas y m\u00f3viles.<\/li>\n<li>Contenido claro: Explica qui\u00e9n eres, qu\u00e9 ofreces y c\u00f3mo contactarte.<\/li>\n<li>Llamados a la acci\u00f3n (CTA): Botones como \u201cCont\u00e1ctanos\u201d, \u201cCotiza ahora\u201d o \u201cAgenda una cita\u201d.<\/li>\n<\/ul>\n<p>[\/et_pb_accordion_item][et_pb_accordion_item title=\u00bbConfigura correos electr\u00f3nicos con tu dominio\u00bb open_toggle_text_color=\u00bb#0C71C3&#8243; _builder_version=\u00bb4.27.4&#8243; _module_preset=\u00bbdefault\u00bb body_text_color=\u00bbgcid-9bde02c8-268a-439d-b85f-96d6e7b93971&#8243; background_color=\u00bbRGBA(255,255,255,0)\u00bb background_enable_color=\u00bbon\u00bb custom_margin=\u00bb0px||0px||true|false\u00bb custom_padding=\u00bb2px||2px||true|false\u00bb body_text_shadow_style=\u00bbpreset3&#8243; global_colors_info=\u00bb{%22gcid-9bde02c8-268a-439d-b85f-96d6e7b93971%22:%91%22body_text_color%22,%22body_text_color%22%93}\u00bb toggle_text_color=\u00bb#000000&#8243; open=\u00bboff\u00bb]<\/p>\n<ul>\n<li>Ejemplo: <a href=\"mailto:ventas@tudominio.com\">ventas@tudominio.com<\/a><\/li>\n<li>Transmite profesionalismo y confianza.<\/li>\n<li>Puedes usar servicios como los que ofrece tienlanube.mx para PYMES o empresas.<\/li>\n<\/ul>\n<p>[\/et_pb_accordion_item][et_pb_accordion_item title=\u00bbUnifica tu presencia en redes sociales\u00bb open_toggle_text_color=\u00bb#0C71C3&#8243; _builder_version=\u00bb4.27.4&#8243; _module_preset=\u00bbdefault\u00bb body_text_color=\u00bbgcid-9bde02c8-268a-439d-b85f-96d6e7b93971&#8243; background_color=\u00bbRGBA(255,255,255,0)\u00bb background_enable_color=\u00bbon\u00bb custom_margin=\u00bb0px||0px||true|false\u00bb custom_padding=\u00bb2px||2px||true|false\u00bb body_text_shadow_style=\u00bbpreset3&#8243; global_colors_info=\u00bb{%22gcid-9bde02c8-268a-439d-b85f-96d6e7b93971%22:%91%22body_text_color%22,%22body_text_color%22%93}\u00bb toggle_text_color=\u00bb#000000&#8243; open=\u00bboff\u00bb]<\/p>\n<ul>\n<li>Alinea tus nombres de usuario con tu dominio (por ejemplo, @tudominio).<\/li>\n<li>Enlaza tu sitio web desde tus perfiles sociales.<\/li>\n<li>Usa el mismo logo, colores y mensaje para reforzar tu marca.<\/li>\n<\/ul>\n<p>[\/et_pb_accordion_item][et_pb_accordion_item title=\u00bbOptimizar tu p\u00e1gina para buscadores (SEO)\u00bb open_toggle_text_color=\u00bb#0C71C3&#8243; _builder_version=\u00bb4.27.4&#8243; _module_preset=\u00bbdefault\u00bb body_text_color=\u00bbgcid-9bde02c8-268a-439d-b85f-96d6e7b93971&#8243; background_color=\u00bbRGBA(255,255,255,0)\u00bb background_enable_color=\u00bbon\u00bb custom_margin=\u00bb0px||0px||true|false\u00bb custom_padding=\u00bb2px||2px||true|false\u00bb body_text_shadow_style=\u00bbpreset3&#8243; global_colors_info=\u00bb{%22gcid-9bde02c8-268a-439d-b85f-96d6e7b93971%22:%91%22body_text_color%22,%22body_text_color%22%93}\u00bb toggle_text_color=\u00bb#000000&#8243; open=\u00bboff\u00bb]<\/p>\n<ul>\n<li>Usa palabras clave relevantes en tu sitio.<\/li>\n<li>Crea contenido \u00fatil (blogs, gu\u00edas, noticias).<\/li>\n<li>Registra tu sitio en Google Search Console y Google Maps si tienes ubicaci\u00f3n f\u00edsica.<\/li>\n<\/ul>\n<p>[\/et_pb_accordion_item][et_pb_accordion_item title=\u00bbMedir y mejorar\u00bb open_toggle_text_color=\u00bb#0C71C3&#8243; _builder_version=\u00bb4.27.4&#8243; _module_preset=\u00bbdefault\u00bb body_text_color=\u00bbgcid-9bde02c8-268a-439d-b85f-96d6e7b93971&#8243; background_color=\u00bbRGBA(255,255,255,0)\u00bb background_enable_color=\u00bbon\u00bb custom_margin=\u00bb0px||0px||true|false\u00bb custom_padding=\u00bb2px||2px||true|false\u00bb body_text_shadow_style=\u00bbpreset3&#8243; global_colors_info=\u00bb{%22gcid-9bde02c8-268a-439d-b85f-96d6e7b93971%22:%91%22body_text_color%22,%22body_text_color%22%93}\u00bb toggle_text_color=\u00bb#000000&#8243; open=\u00bboff\u00bb]<\/p>\n<ul>\n<li>Instala herramientas como Google Analytics para saber qui\u00e9n visita tu sitio y qu\u00e9 buscan.<\/li>\n<li>Ajusta tu contenido y dise\u00f1o seg\u00fan los resultados.<\/li>\n<\/ul>\n<p>[\/et_pb_accordion_item][et_pb_accordion_item title=\u00bbProteger tu dominio y sitio\u00bb open_toggle_text_color=\u00bb#0C71C3&#8243; _builder_version=\u00bb4.27.4&#8243; _module_preset=\u00bbdefault\u00bb body_text_color=\u00bbgcid-9bde02c8-268a-439d-b85f-96d6e7b93971&#8243; background_color=\u00bbRGBA(255,255,255,0)\u00bb background_enable_color=\u00bbon\u00bb custom_margin=\u00bb0px||0px||true|false\u00bb custom_padding=\u00bb2px||2px||true|false\u00bb body_text_shadow_style=\u00bbpreset3&#8243; global_colors_info=\u00bb{%22gcid-9bde02c8-268a-439d-b85f-96d6e7b93971%22:%91%22body_text_color%22,%22body_text_color%22%93}\u00bb toggle_text_color=\u00bb#000000&#8243; open=\u00bboff\u00bb]<\/p>\n<ul>\n<li>Renueva tu dominio antes de que expire.<\/li>\n<li>Usa certificados SSL (https:\/\/) para seguridad.<\/li>\n<li>Haz respaldos frecuentes de tu sitio web.<\/li>\n<\/ul>\n<p>[\/et_pb_accordion_item][et_pb_accordion_item title=\u00bbExplora nuevas oportunidades\u00bb open_toggle_text_color=\u00bb#0C71C3&#8243; _builder_version=\u00bb4.27.4&#8243; _module_preset=\u00bbdefault\u00bb body_text_color=\u00bbgcid-9bde02c8-268a-439d-b85f-96d6e7b93971&#8243; background_color=\u00bbRGBA(255,255,255,0)\u00bb background_enable_color=\u00bbon\u00bb custom_margin=\u00bb0px||0px||true|false\u00bb custom_padding=\u00bb2px||2px||true|false\u00bb body_text_shadow_style=\u00bbpreset3&#8243; global_colors_info=\u00bb{%22gcid-9bde02c8-268a-439d-b85f-96d6e7b93971%22:%91%22body_text_color%22,%22body_text_color%22%93}\u00bb toggle_text_color=\u00bb#000000&#8243; open=\u00bboff\u00bb]<\/p>\n<ul>\n<li>Crea una tienda en l\u00ednea si vendes productos.<\/li>\n<li>Ofrece reservas o citas en l\u00ednea si das servicios.<\/li>\n<li>Lanza campa\u00f1as de email marketing con tu nuevo correo profesional.<\/li>\n<\/ul>\n<p>[\/et_pb_accordion_item][\/et_pb_accordion][\/et_pb_column][\/et_pb_row][\/et_pb_section]<\/p>\n","protected":false},"excerpt":{"rendered":"<p>Tener presencia en l\u00ednea sin un dominio propio es como tener un negocio sin direcci\u00f3n. Estas son algunas de las principales desventajas: &nbsp; Falta de credibilidad: Un dominio personalizado transmite profesionalismo. Dif\u00edcil de recordar: Los subdominios gratuitos son largos y poco memorables. Poca identidad de marca: Promueves la marca del proveedor, no la tuya. Menor [&hellip;]<\/p>\n","protected":false},"author":1,"featured_media":60,"parent":0,"menu_order":0,"comment_status":"closed","ping_status":"closed","template":"","meta":{"_et_pb_use_builder":"on","_et_pb_old_content":"","_et_gb_content_width":"","footnotes":""},"class_list":["post-14","page","type-page","status-publish","has-post-thumbnail","hentry"],"_links":{"self":[{"href":"https:\/\/notengodominio.com.mx\/index.php\/wp-json\/wp\/v2\/pages\/14","targetHints":{"allow":["GET"]}}],"collection":[{"href":"https:\/\/notengodominio.com.mx\/index.php\/wp-json\/wp\/v2\/pages"}],"about":[{"href":"https:\/\/notengodominio.com.mx\/index.php\/wp-json\/wp\/v2\/types\/page"}],"author":[{"embeddable":true,"href":"https:\/\/notengodominio.com.mx\/index.php\/wp-json\/wp\/v2\/users\/1"}],"replies":[{"embeddable":true,"href":"https:\/\/notengodominio.com.mx\/index.php\/wp-json\/wp\/v2\/comments?post=14"}],"version-history":[{"count":52,"href":"https:\/\/notengodominio.com.mx\/index.php\/wp-json\/wp\/v2\/pages\/14\/revisions"}],"predecessor-version":[{"id":256,"href":"https:\/\/notengodominio.com.mx\/index.php\/wp-json\/wp\/v2\/pages\/14\/revisions\/256"}],"wp:featuredmedia":[{"embeddable":true,"href":"https:\/\/notengodominio.com.mx\/index.php\/wp-json\/wp\/v2\/media\/60"}],"wp:attachment":[{"href":"https:\/\/notengodominio.com.mx\/index.php\/wp-json\/wp\/v2\/media?parent=14"}],"curies":[{"name":"wp","href":"https:\/\/api.w.org\/{rel}","templated":true}]}}