{"id":146,"date":"2025-07-21T23:18:01","date_gmt":"2025-07-21T23:18:01","guid":{"rendered":"https:\/\/notengodominio.com.mx\/?page_id=146"},"modified":"2025-07-21T23:18:01","modified_gmt":"2025-07-21T23:18:01","slug":"aviso-legal","status":"publish","type":"page","link":"https:\/\/notengodominio.com.mx\/index.php\/aviso-legal\/","title":{"rendered":"Aviso Legal"},"content":{"rendered":"<p>[et_pb_section fb_built=\u00bb1&#8243; _builder_version=\u00bb4.19.1&#8243; _module_preset=\u00bbdefault\u00bb custom_margin=\u00bb0px||0px||true|false\u00bb custom_padding=\u00bb0px||0px||true|false\u00bb global_colors_info=\u00bb{}\u00bb theme_builder_area=\u00bbpost_content\u00bb][et_pb_row _builder_version=\u00bb4.18.1&#8243; _module_preset=\u00bbdefault\u00bb global_colors_info=\u00bb{}\u00bb theme_builder_area=\u00bbpost_content\u00bb][et_pb_column type=\u00bb4_4&#8243; _builder_version=\u00bb4.18.1&#8243; _module_preset=\u00bbdefault\u00bb global_colors_info=\u00bb{}\u00bb theme_builder_area=\u00bbpost_content\u00bb][et_pb_text _builder_version=\u00bb4.18.1&#8243; _module_preset=\u00bbdefault\u00bb text_text_shadow_style=\u00bbpreset3&#8243; global_colors_info=\u00bb{}\u00bb theme_builder_area=\u00bbpost_content\u00bb]<\/p>\n<h1 style=\"text-align: center;\">AVISO LEGAL<\/h1>\n<p>[\/et_pb_text][\/et_pb_column][\/et_pb_row][et_pb_row _builder_version=\u00bb4.18.1&#8243; _module_preset=\u00bbdefault\u00bb global_colors_info=\u00bb{}\u00bb theme_builder_area=\u00bbpost_content\u00bb][et_pb_column type=\u00bb4_4&#8243; _builder_version=\u00bb4.18.1&#8243; _module_preset=\u00bbdefault\u00bb global_colors_info=\u00bb{}\u00bb theme_builder_area=\u00bbpost_content\u00bb][et_pb_text admin_label=\u00bbTexto\u00bb _builder_version=\u00bb4.18.1&#8243; _module_preset=\u00bbdefault\u00bb text_font=\u00bbCabin||||||||\u00bb text_text_color=\u00bb#000000&#8243; global_colors_info=\u00bb{}\u00bb theme_builder_area=\u00bbpost_content\u00bb]<\/p>\n<p style=\"text-align: justify;\">Esta es la p\u00e1gina web corporativa de Tecnolog\u00edas de Informaci\u00f3n en la Nube, S.A. de C.V.<\/p>\n<p style=\"text-align: justify;\">El presente aviso legal (en adelante, el \u00abAviso Legal\u00bb) regula el uso de los servicios en el Portal de Internet tienlanube.mx (en adelante, el \u00abPortal\u00bb) que Tecnolog\u00edas de Informaci\u00f3n en la Nube, S.A. de C.V. (en adelante, \u00abTi en la Nube\u00bb) pone a disposici\u00f3n de Ud.<\/p>\n<h1>CONDICIONES DE ACCESO Y USO DEL PORTAL<\/h1>\n<p style=\"text-align: justify;\">El acceso al Portal comporta la previa lectura y aceptaci\u00f3n por los Usuarios del presente Aviso Legal. Mediante el acceso y utilizaci\u00f3n del Portal se entender\u00e1 que el Usuario manifiesta su acuerdo, de forma expresa, plena y sin reservas, al contenido de todas y cada una de las partes que conforman el presente Aviso Legal en su versi\u00f3n publicada en el Portal en el momento del acceso. Si el Usuario no estuviere de acuerdo con el contenido del presente Aviso Legal, deber\u00e1 abstenerse de acceder al Portal y de operar a trav\u00e9s del mismo. El Portal se reserva el derecho a modificar el presente Aviso Legal advirtiendo de ello a los Usuarios mediante los correspondientes avisos en el Portal, a fin de que los usuarios puedan tomar conocimiento de su contenido desde el primer momento.<\/p>\n<p style=\"text-align: justify;\">Como Usuario, Ud. declara ser mayor de edad y\/o disponer de la capacidad jur\u00eddica suficiente para vincularse por el presente Aviso Legal y para utilizar el Portal. El Usuario acepta, de forma expresa, plena, sin reservas ni excepciones, que el acceso y la utilizaci\u00f3n del Portal y de sus contenidos tiene lugar bajo su \u00fanica y exclusiva responsabilidad.<\/p>\n<h1>CONTENIDO DEL PORTAL<\/h1>\n<p style=\"text-align: justify;\">El Usuario del Portal asume, conoce y acepta, por el hecho mismo de visitarlo, que los datos e informaciones contenidos en el Portal aparecen en el mismo, \u00fanica y exclusivamente, para efectos informativos y que en un momento dado pueden contener errores, imprecisiones o no estar actualizadas.<\/p>\n<p style=\"text-align: justify;\">Ti en la Nube se reserva el derecho a modificar, a su discreci\u00f3n y de forma unilateral, en cualquier momento y sin previo aviso, la configuraci\u00f3n del Portal y de las condiciones de acceso al Portal. Del mismo modo, Ti en la Nube se reserva la facultad de incorporar nuevos servicios o contenidos en el Portal, as\u00ed como el derecho de eliminar, limitar, suspender o impedir el acceso del Portal, ya fuere de manera temporal o definitiva.<\/p>\n<p style=\"text-align: justify;\">TI en la Nube informa al Usuario que a trav\u00e9s del Portal podr\u00e1 acceder a las p\u00e1ginas de las sociedades que forman parte del grupo TIenlaNube. Ti en la Nube no asume responsabilidad alguna ni da garant\u00eda alguna sobre los productos y servicios de las referidas sociedades.<\/p>\n<h1>TRATAMIENTO DE DATOS PERSONALES Y SENSIBLES<\/h1>\n<p style=\"text-align: justify;\">En cumplimiento a lo dispuesto en la Ley Federal de Protecci\u00f3n de Datos Personales en Posesi\u00f3n de los Particulares y su Reglamento (LFPDPPP y RLFPDPPP), se informa al Usuario del Portal que debe consultar la informaci\u00f3n pertinente en este enlace: https:\/\/tienlanube.mx\/nosotros\/aviso-de-privacidad<\/p>\n<p style=\"text-align: justify;\">Se pone en conocimiento del Usuario de la existencia de Cookies: las cookies son peque\u00f1os archivos de texto que almacena el navegador en el disco duro de su ordenador. Al visitar el Portal, nuestro servidor podr\u00e1 reconocer la cookie y proporcionarnos informaci\u00f3n sobre su \u00faltima visita. La mayor\u00eda de los navegadores aceptan la utilizaci\u00f3n de cookies de forma autom\u00e1tica, pero el Usuario puede configurar su navegador para ser avisado en su pantalla de ordenador de la recepci\u00f3n de cookies y poder impedir su instalaci\u00f3n en su disco duro. En cualquier caso, si desea activar la opci\u00f3n de no recibir cookies podr\u00e1 seguir utilizando el Servicio desde nuestro sitio web.<\/p>\n<p style=\"text-align: justify;\">Ti en la Nube se compromete a tratar de forma absolutamente confidencial los datos de car\u00e1cter personal y\/o sensible del Usuario. Ti en la Nube le informa que tiene implantadas las medidas de seguridad de \u00edndole t\u00e9cnica y organizativas necesarias que garanticen la seguridad de sus datos de car\u00e1cter personal y eviten su alteraci\u00f3n, p\u00e9rdida, tratamiento y\/o acceso no autorizado, habida cuenta del estado de la tecnolog\u00eda, la naturaleza de los datos almacenados y los riesgos a que est\u00e1n expuestos, ya provengan de la acci\u00f3n humana o del medio f\u00edsico o natural.<\/p>\n<h1>MANIFESTACIONES Y GARANT\u00cdAS DE CAR\u00c1CTER GENERAL<\/h1>\n<p style=\"text-align: justify;\">Ti en la Nube manifiesta y garantiza que el Portal dispone de la tecnolog\u00eda (software y hardware) necesaria, al d\u00eda de la fecha, para permitir el acceso y utilizaci\u00f3n del mismo. Sin embargo, Ti en la Nube no se responsabiliza por la eventual existencia de virus u otros elementos nocivos, introducidos por cualquier medio o por cualquier tercero, que puedan producir alteraciones en los sistemas inform\u00e1ticos del Usuario, ni por las consecuencias perjudiciales que las mismas puedan producir en los sistemas inform\u00e1ticos del Usuario. El Usuario acepta plenamente lo anterior y se compromete, de su parte, a desplegar la m\u00e1xima diligencia y prudencia cuando acceda y utilice el Portal.<\/p>\n<p style=\"text-align: justify;\">El Usuario garantiza que cualesquiera actividades por \u00e9l desarrolladas a trav\u00e9s del Portal se adecuar\u00e1n a la ley, la moral, las buenas costumbres aceptadas generalmente y al orden p\u00fablico y que en ning\u00fan caso resultar\u00e1n ofensivas para el buen nombre e imagen comercial de Ti en la Nube. El Usuario se compromete a utilizar el Portal de forma correcta y diligente as\u00ed como abstenerse de utilizarlos con fines o efectos il\u00edcitos o prohibidos por el presente Aviso Legal.<\/p>\n<p style=\"text-align: justify;\">El Usuario se compromete a no utilizar el Portal con la finalidad de da\u00f1ar a Ti en la Nube o cualquier tercero relacionado o no, incitar o promover acciones delictivas, denigrantes, difamatorias, ofensivas o contrarias a la ley, a la moral, a las buenas costumbres generalmente aceptadas o al orden p\u00fablico; promover actuaciones o ideas discriminatorias por raz\u00f3n de raza, sexo, ideolog\u00eda, religi\u00f3n o creencias; utilizar los derechos de propiedad intelectual o industrial; transmitir a trav\u00e9s del Portal con dolo o culpa correo electr\u00f3nico, programas o datos (incluidos virus y software nocivo) que causen o puedan causar da\u00f1os o perjuicios en cualquier grado a los sistemas inform\u00e1ticos de TI en la Nube o de otros usuarios o de terceros, as\u00ed como falsificar el origen del correo electr\u00f3nico o de otro material contenido en un archivo que se transmita a trav\u00e9s del Portal. Emplear la informaci\u00f3n contenida en el portal con fines de venta directa o con cualquier otra clase de finalidad y enviar mensajes no solicitados dirigidos a una generalidad m\u00e1s o menos amplia de personas con independencia de su finalidad.<\/p>\n<h1>LIMITACI\u00d3N DE RESPONSABILIDAD DE CAR\u00c1CTER GENERAL<\/h1>\n<p style=\"text-align: justify;\">Ti en la Nube no efect\u00faa manifestaciones ni ofrece garant\u00edas de ninguna clase, ya sean expl\u00edcitas o impl\u00edcitas, en cuanto al funcionamiento del Portal o a la informaci\u00f3n, contenido, software, materiales, o productos incluidos en el mismo en la medida que lo permita la legislaci\u00f3n aplicable. Asimismo, Ti en la Nube queda exonerada de prestar cualesquiera garant\u00edas, ya sean expl\u00edcitas o impl\u00edcitas, incluidas, entre otras, las garant\u00edas impl\u00edcitas de idoneidad para un fin determinado. Ti en la Nube no ser\u00e1 responsable de los da\u00f1os o perjuicios de cualquier \u00edndole que puedan derivarse del uso de este Portal, incluidos, entre otros, los da\u00f1os directos e indirectos.<\/p>\n<p style=\"text-align: justify;\">Ti en la Nube no se hace responsable de los posibles errores o deficiencias de seguridad que pudieran producirse por la utilizaci\u00f3n, por parte del Usuario, de un navegador de una versi\u00f3n no actualizada o insegura, as\u00ed como por la activaci\u00f3n de los dispositivos de conservaci\u00f3n de identificaci\u00f3n del Usuario registrado en el navegador o de los da\u00f1os, errores o inexactitudes que pudieran derivarse del mal funcionamiento del mismo.<\/p>\n<p style=\"text-align: justify;\">Ti en la Nube no otorga garant\u00edas de naturaleza alguna, ni expresa ni impl\u00edcitamente, respecto de la informaci\u00f3n que se transmita, distribuya, publique o almacene en el Portal, ni de la utilizaci\u00f3n que los Usuarios, sus empleados o terceros hagan de la misma. Asimismo, Ti en la Nube no responder\u00e1 respecto de incapacidad de cualquier Usuario o de la suplantaci\u00f3n de la personalidad de un tercero efectuada por un Usuario.<\/p>\n<p style=\"text-align: justify;\">El Usuario responder\u00e1 por los da\u00f1os y perjuicios de cualquier naturaleza que Ti en la Nube pueda sufrir como consecuencia, directa o indirecta, del incumplimiento por parte del Usuario del Aviso Legal.<\/p>\n<p style=\"text-align: justify;\">Todos los contenidos del Portal (incluyendo, sin car\u00e1cter limitativo, bases de datos, im\u00e1genes y fotograf\u00edas, patentes, modelos de utilidad e industriales, dibujos, gr\u00e1ficos, archivos de texto, audio, v\u00eddeo y software) son propiedad de Ti en la Nube o de su empresa controladora o de los proveedores de contenidos, habiendo sido, en este \u00faltimo caso, objeto de licencia o cesi\u00f3n, por parte de los mismos, y est\u00e1n protegidos por la legislaci\u00f3n mexicana en materia de propiedad industrial e intelectual o las normas internacionales de propiedad intelectual e industrial. La compilaci\u00f3n (entendi\u00e9ndose como tal la recopilaci\u00f3n, dise\u00f1o, ordenaci\u00f3n y montaje) de todo el contenido del Portal es propiedad exclusiva de Ti en la Nube o de su empresa controladora y se encuentra protegida por las normas nacionales e internacionales de propiedad industrial e intelectual.<\/p>\n<p style=\"text-align: justify;\">Todo el software utilizado en el dise\u00f1o de las pantallas, navegaci\u00f3n y uso y desarrollo del Portal es propiedad de Ti en la Nube o de su empresa controladora o de sus proveedores de software y se encuentra protegido por las leyes nacionales e internacionales de propiedad industrial e intelectual.<\/p>\n<p style=\"text-align: justify;\">Las marcas, r\u00f3tulos, signos distintivos o logos de Ti en la Nube que aparecen en el Portal son titularidad de Ti en la Nube o de su empresa controladora y est\u00e1n debidamente registrados o en proceso de registro. Las denominaciones de otros productos y compa\u00f1\u00edas que aparezcan en este documento o en el Portal pueden ser marcas u otros signos distintivos registrados de sus respectivos y leg\u00edtimos propietarios.<\/p>\n<p style=\"text-align: justify;\">Todos los textos, dibujos gr\u00e1ficos, v\u00eddeos o soportes de audio son propiedad de Ti en la Nube o de su empresa controladora, o de sus proveedores de contenidos, no pudiendo ser objeto de ulterior modificaci\u00f3n, copia, alteraci\u00f3n, transformaci\u00f3n, reproducci\u00f3n, adaptaci\u00f3n o traducci\u00f3n por parte del Usuario o de terceros sin la expresa autorizaci\u00f3n por parte de los titulares de dichos contenidos.<\/p>\n<p style=\"text-align: justify;\">La puesta a disposici\u00f3n de los Usuarios para su uso de las bases de datos, dibujos, gr\u00e1ficos, im\u00e1genes y fotograf\u00edas, archivos de texto, audio, v\u00eddeo y software propiedad de Ti en la Nube o de su empresa controladora, o de sus proveedores que figuran en el Portal no implica, en ning\u00fan caso, la cesi\u00f3n de su titularidad o la concesi\u00f3n de un derecho de explotaci\u00f3n en favor del Usuario, distinto del derecho de uso que comporta la utilizaci\u00f3n leg\u00edtima y acorde con la naturaleza del Portal.<\/p>\n<p style=\"text-align: justify;\">Queda terminantemente prohibido cualquier uso de los contenidos del Portal y, en general, de todos los derechos mencionados en los incisos precedentes que se realice sin la autorizaci\u00f3n de Ti en la Nube, incluida su explotaci\u00f3n, reproducci\u00f3n, difusi\u00f3n, transformaci\u00f3n, distribuci\u00f3n, transmisi\u00f3n por cualquier medio, posterior publicaci\u00f3n, exhibici\u00f3n, comunicaci\u00f3n p\u00fablica o representaci\u00f3n total o parcial, las cuales, de producirse, constituir\u00e1n infracci\u00f3n de los derechos de propiedad intelectual de Ti en la Nube, sancionados por la legislaci\u00f3n vigente.<\/p>\n<h1>SUSPENSI\u00d3N DE ACCESO AL PORTAL<\/h1>\n<p style=\"text-align: justify;\">Ti en la Nube se esforzar\u00e1 en mantener la disponibilidad continuada del Portal. No obstante, cualquier modalidad de operaci\u00f3n de prueba, control y mantenimiento ser\u00e1n libremente elegidas y realizadas por Ti en la Nube en cualquier momento, sean cuales fueren los procedimientos y medios empleados para llevarlas a cabo. Ti en la Nube procurar\u00e1, siempre que ello sea razonablemente posible, avisar a los Usuarios mediante un anuncio en el Portal de la realizaci\u00f3n de una operaci\u00f3n de mantenimiento u otra actividad que pudiera afectar al Portal.<\/p>\n<p style=\"text-align: justify;\">Ti en la Nube se reserva la plena libertad para modificar las capacidades de transmisi\u00f3n, seguimiento u otros medios t\u00e9cnicos utilizados para el acceso o utilizaci\u00f3n del Portal.<\/p>\n<p style=\"text-align: justify;\">Ti en la Nube podr\u00e1 suspender de forma temporal o definitiva el Portal, sin que ello genere ning\u00fan tipo de indemnizaci\u00f3n a favor del Usuario, cuando concurra cualquiera de las siguientes circunstancias: (i) cuando sea necesario para realizar labores de mantenimiento, (ii) cuando sea necesario para preservar la integridad o la seguridad del Portal, de los equipos, los sistemas o de las redes de Ti en la Nube o de terceros, siempre que afecten o puedan afectar a los servicios de Ti en la Nube, (iii) cuando as\u00ed lo justifiquen razones operativas propias o de terceros que afecten a Ti en la Nube; (iv) cuando exista una causa de fuerza mayor, Ti en la Nube procurar\u00e1 mantener informado al Usuario de la suspensi\u00f3n y de sus causas, siempre que sea posible.<\/p>\n<h1>NULIDAD E INEFICACIA DE LAS CLA\u00daSULAS<\/h1>\n<p style=\"text-align: justify;\">Si cualquier Cl\u00e1usula del presenta Aviso Legal fuese declarada, total o parcialmente, nula o ineficaz, tal nulidad o ineficacia afectar\u00e1 tan s\u00f3lo a dicha disposici\u00f3n o parte de la misma que resulte nula o ineficaz, subsistiendo, en todo lo dem\u00e1s, el resto del Aviso Legal y teni\u00e9ndose tal disposici\u00f3n o la parte de la misma que resulte afectada por no puesta, salvo que, por resultar esencial al presente Aviso Legal, hubiese de afectarlas de forma integral.<\/p>\n<h1>LEY APLICABLE AL CONTRATO Y JURISDICCI\u00d3N<\/h1>\n<p>El presente Aviso Legal se interpretar\u00e1 y regir\u00e1 de conformidad con la legislaci\u00f3n mexicana.<\/p>\n<p style=\"text-align: justify;\">El Usuario al hacer uso del Portal, acepta de manera expresa, someterse en caso de cualquier controversia, a la jurisdicci\u00f3n de los tribunales competentes de la ciudad de M\u00e9xico, Distrito Federal, as\u00ed como a las leyes aplicables para el caso concreto vigentes en dicho lugar, renunciando expresamente a cualquier otra jurisdicci\u00f3n que por motivo de su nacionalidad o domicilio pudiera corresponderle.<\/p>\n<p>[\/et_pb_text][\/et_pb_column][\/et_pb_row][\/et_pb_section]<\/p>\n","protected":false},"excerpt":{"rendered":"<p>AVISO LEGALEsta es la p\u00e1gina web corporativa de Tecnolog\u00edas de Informaci\u00f3n en la Nube, S.A. de C.V. El presente aviso legal (en adelante, el \u00abAviso Legal\u00bb) regula el uso de los servicios en el Portal de Internet tienlanube.mx (en adelante, el \u00abPortal\u00bb) que Tecnolog\u00edas de Informaci\u00f3n en la Nube, S.A. de C.V. (en adelante, \u00abTi [&hellip;]<\/p>\n","protected":false},"author":1,"featured_media":0,"parent":0,"menu_order":0,"comment_status":"closed","ping_status":"closed","template":"","meta":{"_et_pb_use_builder":"on","_et_pb_old_content":"","_et_gb_content_width":"","footnotes":""},"class_list":["post-146","page","type-page","status-publish","hentry"],"_links":{"self":[{"href":"https:\/\/notengodominio.com.mx\/index.php\/wp-json\/wp\/v2\/pages\/146","targetHints":{"allow":["GET"]}}],"collection":[{"href":"https:\/\/notengodominio.com.mx\/index.php\/wp-json\/wp\/v2\/pages"}],"about":[{"href":"https:\/\/notengodominio.com.mx\/index.php\/wp-json\/wp\/v2\/types\/page"}],"author":[{"embeddable":true,"href":"https:\/\/notengodominio.com.mx\/index.php\/wp-json\/wp\/v2\/users\/1"}],"replies":[{"embeddable":true,"href":"https:\/\/notengodominio.com.mx\/index.php\/wp-json\/wp\/v2\/comments?post=146"}],"version-history":[{"count":2,"href":"https:\/\/notengodominio.com.mx\/index.php\/wp-json\/wp\/v2\/pages\/146\/revisions"}],"predecessor-version":[{"id":149,"href":"https:\/\/notengodominio.com.mx\/index.php\/wp-json\/wp\/v2\/pages\/146\/revisions\/149"}],"wp:attachment":[{"href":"https:\/\/notengodominio.com.mx\/index.php\/wp-json\/wp\/v2\/media?parent=146"}],"curies":[{"name":"wp","href":"https:\/\/api.w.org\/{rel}","templated":true}]}}